{"id":2631,"date":"2025-10-28T18:26:12","date_gmt":"2025-10-29T00:26:12","guid":{"rendered":"https:\/\/escuelaburbuja.com\/?page_id=2631"},"modified":"2026-02-11T16:01:57","modified_gmt":"2026-02-11T22:01:57","slug":"contacto","status":"publish","type":"page","link":"https:\/\/escuelaburbuja.com\/?page_id=2631","title":{"rendered":"Contacto"},"content":{"rendered":"<style>.kb-row-layout-id2631_3f7a3b-08 > .kt-row-column-wrap{align-content:start;}:where(.kb-row-layout-id2631_3f7a3b-08 > .kt-row-column-wrap) > .wp-block-kadence-column{justify-content:start;}.kb-row-layout-id2631_3f7a3b-08 > .kt-row-column-wrap{column-gap:var(--global-kb-gap-lg, 4rem);row-gap:var(--global-kb-gap-md, 2rem);max-width:var( --global-content-width, 1290px );padding-left:var(--global-content-edge-padding);padding-right:var(--global-content-edge-padding);padding-top:var(--global-kb-spacing-xl, 4rem);padding-bottom:var(--global-kb-spacing-xl, 4rem);grid-template-columns:repeat(2, minmax(0, 1fr));}.kb-row-layout-id2631_3f7a3b-08 > .kt-row-layout-overlay{opacity:0.30;}@media all and (max-width: 1024px){.kb-row-layout-id2631_3f7a3b-08 > .kt-row-column-wrap{row-gap:var(--global-kb-gap-sm, 1rem);grid-template-columns:minmax(0, 1fr);}}@media all and (max-width: 767px){.kb-row-layout-id2631_3f7a3b-08 > .kt-row-column-wrap{row-gap:var(--global-kb-gap-sm, 1rem);grid-template-columns:minmax(0, 1fr);}}<\/style><div class=\"kb-row-layout-wrap kb-row-layout-id2631_3f7a3b-08 alignfull has-theme-palette1-background-color kt-row-has-bg wp-block-kadence-rowlayout\"><div class=\"kt-row-column-wrap kt-has-2-columns kt-row-layout-equal kt-tab-layout-row kt-mobile-layout-row kt-row-valign-top kb-theme-content-width\">\n<style>.kadence-column2631_73b08d-47 > .kt-inside-inner-col,.kadence-column2631_73b08d-47 > .kt-inside-inner-col:before{border-top-left-radius:0px;border-top-right-radius:0px;border-bottom-right-radius:0px;border-bottom-left-radius:0px;}.kadence-column2631_73b08d-47 > .kt-inside-inner-col{column-gap:var(--global-kb-gap-sm, 1rem);}.kadence-column2631_73b08d-47 > .kt-inside-inner-col{flex-direction:column;}.kadence-column2631_73b08d-47 > .kt-inside-inner-col > .aligncenter{width:100%;}.kadence-column2631_73b08d-47 > .kt-inside-inner-col:before{opacity:0.3;}.kadence-column2631_73b08d-47{position:relative;}@media all and (max-width: 1024px){.kadence-column2631_73b08d-47 > .kt-inside-inner-col{flex-direction:column;justify-content:center;}}@media all and (max-width: 767px){.kadence-column2631_73b08d-47 > .kt-inside-inner-col{flex-direction:column;justify-content:center;}}<\/style>\n<div class=\"wp-block-kadence-column kadence-column2631_73b08d-47 inner-column-1\"><div class=\"kt-inside-inner-col\"><style>.wp-block-kadence-advancedheading.kt-adv-heading2631_f25403-e8, .wp-block-kadence-advancedheading.kt-adv-heading2631_f25403-e8[data-kb-block=\"kb-adv-heading2631_f25403-e8\"]{padding-bottom:var(--global-kb-spacing-sm, 1.5rem);margin-bottom:0px;font-size:var(--global-kb-font-size-xl, 3rem);line-height:1.2;font-style:normal;}.wp-block-kadence-advancedheading.kt-adv-heading2631_f25403-e8 mark.kt-highlight, .wp-block-kadence-advancedheading.kt-adv-heading2631_f25403-e8[data-kb-block=\"kb-adv-heading2631_f25403-e8\"] mark.kt-highlight{font-style:normal;color:#f76a0c;-webkit-box-decoration-break:clone;box-decoration-break:clone;padding-top:0px;padding-right:0px;padding-bottom:0px;padding-left:0px;}.wp-block-kadence-advancedheading.kt-adv-heading2631_f25403-e8 img.kb-inline-image, .wp-block-kadence-advancedheading.kt-adv-heading2631_f25403-e8[data-kb-block=\"kb-adv-heading2631_f25403-e8\"] img.kb-inline-image{width:150px;vertical-align:baseline;}<\/style>\n<h2 class=\"kt-adv-heading2631_f25403-e8 wp-block-kadence-advancedheading has-theme-palette-9-color has-text-color\" data-kb-block=\"kb-adv-heading2631_f25403-e8\">\u00a1Ven a conocer Burbuja!<\/h2>\n\n\n<style>.wp-block-kadence-advancedheading.kt-adv-heading2631_9e7076-cf, .wp-block-kadence-advancedheading.kt-adv-heading2631_9e7076-cf[data-kb-block=\"kb-adv-heading2631_9e7076-cf\"]{font-style:normal;}.wp-block-kadence-advancedheading.kt-adv-heading2631_9e7076-cf mark.kt-highlight, .wp-block-kadence-advancedheading.kt-adv-heading2631_9e7076-cf[data-kb-block=\"kb-adv-heading2631_9e7076-cf\"] mark.kt-highlight{font-style:normal;color:#f76a0c;-webkit-box-decoration-break:clone;box-decoration-break:clone;padding-top:0px;padding-right:0px;padding-bottom:0px;padding-left:0px;}.wp-block-kadence-advancedheading.kt-adv-heading2631_9e7076-cf img.kb-inline-image, .wp-block-kadence-advancedheading.kt-adv-heading2631_9e7076-cf[data-kb-block=\"kb-adv-heading2631_9e7076-cf\"] img.kb-inline-image{width:150px;vertical-align:baseline;}<\/style>\n<p class=\"kt-adv-heading2631_9e7076-cf wp-block-kadence-advancedheading has-theme-palette-9-color has-text-color\" data-kb-block=\"kb-adv-heading2631_9e7076-cf\">Si deseas conocer m\u00e1s sobre nuestro proyecto educativo, agendar una cita o visitar nuestros espacios, estaremos encantados de recibirte en Escuela Burbuja.<br>Puedes escribirnos a trav\u00e9s del formulario que encontrar\u00e1s a continuaci\u00f3n o comunicarte con nosotros por WhatsApp.<br>Queremos escucharte, resolver tus dudas y acompa\u00f1arte en este proceso de elegir el mejor lugar para tu hijo.<\/p>\n\n\n\n<p class=\"has-theme-palette-9-color has-text-color has-link-color wp-elements-89507262d284b9fbf28f2c1fbde62098\"><br><br><\/p>\n<\/div><\/div>\n\n\n<style>.kadence-column2631_1a647f-8d > .kt-inside-inner-col,.kadence-column2631_1a647f-8d > .kt-inside-inner-col:before{border-top-left-radius:0px;border-top-right-radius:0px;border-bottom-right-radius:0px;border-bottom-left-radius:0px;}.kadence-column2631_1a647f-8d > .kt-inside-inner-col{column-gap:var(--global-kb-gap-sm, 1rem);}.kadence-column2631_1a647f-8d > .kt-inside-inner-col{flex-direction:column;}.kadence-column2631_1a647f-8d > .kt-inside-inner-col > .aligncenter{width:100%;}.kadence-column2631_1a647f-8d > .kt-inside-inner-col:before{opacity:0.3;}.kadence-column2631_1a647f-8d{position:relative;}@media all and (max-width: 1024px){.kadence-column2631_1a647f-8d > .kt-inside-inner-col{flex-direction:column;justify-content:center;}}@media all and (max-width: 767px){.kadence-column2631_1a647f-8d > .kt-inside-inner-col{flex-direction:column;justify-content:center;}}<\/style>\n<div class=\"wp-block-kadence-column kadence-column2631_1a647f-8d inner-column-2\"><div class=\"kt-inside-inner-col\"><style>.kadence-form-2631_a20acc-04 .kb-form .kadence-blocks-form-field .kb-text-style-field, .kadence-form-2631_a20acc-04 .kb-form .kadence-blocks-form-field .kb-select-style-field{color:var(--global-palette9, #ffffff);background:var(--global-palette1, #3182CE);border-color:var(--global-palette7, #EDF2F7);}.kadence-form-2631_a20acc-04 .kb-form .kadence-blocks-form-field > label{color:var(--global-palette9, #ffffff);}.kadence-form-2631_a20acc-04 .kb-form .kadence-blocks-form-field .kb-forms-submit{color:var(--global-palette9, #ffffff);background:var(--global-palette3, #1A202C);}.kadence-form-2631_a20acc-04 .kb-form .kadence-blocks-form-field .kb-forms-submit:hover, .kadence-form-2631_a20acc-04 .kb-form .kadence-blocks-form-field .kb-forms-submit:focus {color:var(--global-palette9, #ffffff);background:var(--global-palette4, #2D3748);}.kb-form input.kadence-blocks-field.verify{opacity:0.0;position:absolute;top:0.0;left:0.0;width:0.0;height:0.0;z-index:-1;}<\/style>\n<div class=\"wp-block-kadence-form kadence-form-2631_a20acc-04 kb-form-wrap\"><form class=\"kb-form\" action=\"\" method=\"post\"><div class=\"kadence-blocks-form-field kb-field-desk-width-100 kb-input-size-standard\"><label for=\"kb_field_2631_a20acc-04_0\">Nombre <span class=\"required\">*<\/span><\/label><input name=\"kb_field_0\" id=\"kb_field_2631_a20acc-04_0\" data-label=\"Nombre \" type=\"text\" placeholder=\"\" value=\"\" data-type=\"text\" class=\"kb-field kb-text-style-field kb-text-field kb-field-0\" data-required=\"yes\"\/><\/div><div class=\"kadence-blocks-form-field kb-form-field-1 kb-field-desk-width-100 kb-input-size-standard\"><label for=\"kb_field_2631_a20acc-04_1\">Email<span class=\"required\">*<\/span><\/label><input name=\"kb_field_1\" id=\"kb_field_2631_a20acc-04_1\" data-label=\"Email\" type=\"email\" placeholder=\"\" value=\"\" data-type=\"email\" class=\"kb-field kb-text-style-field kb-email-field kb-field-1\" data-required=\"yes\"\/><\/div><div class=\"kadence-blocks-form-field kb-form-field-2 kb-field-desk-width-100 kb-input-size-standard\"><label for=\"kb_field_2631_a20acc-04_2\">Tel\u00e9fono<\/label><input name=\"kb_field_2\" id=\"kb_field_2631_a20acc-04_2\" data-label=\"Tel\u00e9fono\" type=\"text\" placeholder=\"\" value=\"\" data-type=\"text\" class=\"kb-field kb-text-style-field kb-text-field kb-field-2\"\/><\/div><div class=\"kadence-blocks-form-field kb-form-field-3 kb-field-desk-width-100 kb-input-size-standard\"><label for=\"kb_field_2631_a20acc-04_3\">Mensaje<span class=\"required\">*<\/span><\/label><textarea name=\"kb_field_3\" id=\"kb_field_2631_a20acc-04_3\" data-label=\"Mensaje\" type=\"textarea\" placeholder=\"\" data-type=\"textarea\" class=\"kb-field kb-text-style-field kb-textarea-field kb-field-3\" rows=\"4\" data-required=\"yes\"><\/textarea><\/div><input type=\"hidden\" name=\"_kb_form_id\" value=\"2631_a20acc-04\"\/><input type=\"hidden\" name=\"_kb_form_post_id\" value=\"2631\"\/><input type=\"hidden\" name=\"action\" value=\"kb_process_ajax_submit\"\/><label class=\"kadence-verify-label\">Email<input class=\"kadence-blocks-field verify\" type=\"text\" name=\"_kb_verify_email\" autocomplete=\"new-password\" aria-hidden=\"true\" placeholder=\"Email\" tabindex=\"-1\" data-1p-ignore=\"true\" data-lpignore=\"true\" \/><\/label><div class=\"kadence-blocks-form-field kb-submit-field kb-field-desk-width-100\"><button class=\"kb-forms-submit button kb-button-size-standard kb-button-width-auto\">Enviar mensaje<\/button><\/div><\/form><\/div>\n<noscript><div class=\"kadence-blocks-form-message kadence-blocks-form-warning\">Please enable JavaScript in your browser to submit the form<\/div><style>.kadence-form-2631_a20acc-04 .kadence-blocks-form-field.kb-submit-field { display: none; }<\/style><\/noscript><\/div><\/div>\n\n<\/div><\/div>\n\n\n<p><\/p>\n","protected":false},"excerpt":{"rendered":"<p>\u00a1Ven a conocer Burbuja! Si deseas conocer m\u00e1s sobre nuestro proyecto educativo, agendar una cita o visitar nuestros espacios, estaremos encantados de recibirte en Escuela Burbuja.Puedes escribirnos a trav\u00e9s del&#8230;<\/p>\n","protected":false},"author":1,"featured_media":0,"parent":0,"menu_order":0,"comment_status":"closed","ping_status":"closed","template":"","meta":{"inline_featured_image":false,"_kadence_starter_templates_imported_post":false,"_kad_post_transparent":"","_kad_post_title":"hide","_kad_post_layout":"fullwidth","_kad_post_sidebar_id":"","_kad_post_content_style":"unboxed","_kad_post_vertical_padding":"hide","_kad_post_feature":"","_kad_post_feature_position":"","_kad_post_header":false,"_kad_post_footer":false,"footnotes":""},"class_list":["post-2631","page","type-page","status-publish","hentry"],"jetpack-related-posts":[],"jetpack_sharing_enabled":true,"_links":{"self":[{"href":"https:\/\/escuelaburbuja.com\/index.php?rest_route=\/wp\/v2\/pages\/2631","targetHints":{"allow":["GET"]}}],"collection":[{"href":"https:\/\/escuelaburbuja.com\/index.php?rest_route=\/wp\/v2\/pages"}],"about":[{"href":"https:\/\/escuelaburbuja.com\/index.php?rest_route=\/wp\/v2\/types\/page"}],"author":[{"embeddable":true,"href":"https:\/\/escuelaburbuja.com\/index.php?rest_route=\/wp\/v2\/users\/1"}],"replies":[{"embeddable":true,"href":"https:\/\/escuelaburbuja.com\/index.php?rest_route=%2Fwp%2Fv2%2Fcomments&post=2631"}],"version-history":[{"count":7,"href":"https:\/\/escuelaburbuja.com\/index.php?rest_route=\/wp\/v2\/pages\/2631\/revisions"}],"predecessor-version":[{"id":3668,"href":"https:\/\/escuelaburbuja.com\/index.php?rest_route=\/wp\/v2\/pages\/2631\/revisions\/3668"}],"wp:attachment":[{"href":"https:\/\/escuelaburbuja.com\/index.php?rest_route=%2Fwp%2Fv2%2Fmedia&parent=2631"}],"curies":[{"name":"wp","href":"https:\/\/api.w.org\/{rel}","templated":true}]}}