{"id":2643,"date":"2025-10-29T10:45:09","date_gmt":"2025-10-29T16:45:09","guid":{"rendered":"https:\/\/escuelaburbuja.com\/?page_id=2643"},"modified":"2026-01-16T18:50:59","modified_gmt":"2026-01-17T00:50:59","slug":"carta-de-la-directora","status":"publish","type":"page","link":"https:\/\/escuelaburbuja.com\/?page_id=2643","title":{"rendered":"Carta de la directora"},"content":{"rendered":"<style>.kb-row-layout-id2643_d2ef17-42 > .kt-row-column-wrap{align-content:center;}:where(.kb-row-layout-id2643_d2ef17-42 > .kt-row-column-wrap) > .wp-block-kadence-column{justify-content:center;}.kb-row-layout-id2643_d2ef17-42 > .kt-row-column-wrap{column-gap:var(--global-kb-gap-lg, 4rem);row-gap:var(--global-kb-gap-md, 2rem);max-width:var( --global-content-width, 1290px );padding-left:var(--global-content-edge-padding);padding-right:var(--global-content-edge-padding);padding-top:var(--global-kb-spacing-xxl, 5rem);padding-bottom:var(--global-kb-spacing-4xl, 8rem);grid-template-columns:minmax(0, 2fr) minmax(0, 1fr);}.kb-row-layout-id2643_d2ef17-42 > .kt-row-layout-overlay{opacity:0.30;}@media all and (max-width: 1024px){.kb-row-layout-id2643_d2ef17-42 > .kt-row-column-wrap{column-gap:var(--global-kb-gap-md, 2rem);padding-top:var(--global-kb-spacing-lg, 3rem);padding-right:var(--global-kb-spacing-lg, 3rem);padding-bottom:var(--global-kb-spacing-lg, 3rem);padding-left:var(--global-kb-spacing-lg, 3rem);grid-template-columns:minmax(0, 1fr);}}@media all and (max-width: 767px){.kb-row-layout-id2643_d2ef17-42 > .kt-row-column-wrap{grid-template-columns:minmax(0, 1fr);}}<\/style><div class=\"kb-row-layout-wrap kb-row-layout-id2643_d2ef17-42 alignfull has-theme-palette4-background-color kt-row-has-bg wp-block-kadence-rowlayout\"><div class=\"kt-row-column-wrap kt-has-2-columns kt-row-layout-left-golden kt-tab-layout-row kt-mobile-layout-row kt-row-valign-middle kb-theme-content-width\">\n<style>.kadence-column2643_8fe34c-d8 > .kt-inside-inner-col{display:flex;}.kadence-column2643_8fe34c-d8 > .kt-inside-inner-col,.kadence-column2643_8fe34c-d8 > .kt-inside-inner-col:before{border-top-left-radius:0px;border-top-right-radius:0px;border-bottom-right-radius:0px;border-bottom-left-radius:0px;}.kadence-column2643_8fe34c-d8 > .kt-inside-inner-col{column-gap:var(--global-kb-gap-sm, 1rem);}.kadence-column2643_8fe34c-d8 > .kt-inside-inner-col{flex-direction:column;justify-content:center;}.kadence-column2643_8fe34c-d8 > .kt-inside-inner-col > .aligncenter{width:100%;}.kt-row-column-wrap > .kadence-column2643_8fe34c-d8{align-self:center;}.kt-inner-column-height-full:not(.kt-has-1-columns) > .wp-block-kadence-column.kadence-column2643_8fe34c-d8{align-self:auto;}.kt-inner-column-height-full:not(.kt-has-1-columns) > .wp-block-kadence-column.kadence-column2643_8fe34c-d8 > .kt-inside-inner-col{flex-direction:column;justify-content:center;}.kadence-column2643_8fe34c-d8 > .kt-inside-inner-col:before{opacity:0.3;}.kadence-column2643_8fe34c-d8{text-align:left;}.kadence-column2643_8fe34c-d8{position:relative;}@media all and (max-width: 1024px){.kt-row-column-wrap > .kadence-column2643_8fe34c-d8{align-self:center;}}@media all and (max-width: 1024px){.kt-inner-column-height-full:not(.kt-has-1-columns) > .wp-block-kadence-column.kadence-column2643_8fe34c-d8{align-self:auto;}}@media all and (max-width: 1024px){.kt-inner-column-height-full:not(.kt-has-1-columns) > .wp-block-kadence-column.kadence-column2643_8fe34c-d8 > .kt-inside-inner-col{flex-direction:column;justify-content:center;}}@media all and (max-width: 1024px){.kadence-column2643_8fe34c-d8 > .kt-inside-inner-col{flex-direction:column;justify-content:center;}}@media all and (max-width: 767px){.kt-row-column-wrap > .kadence-column2643_8fe34c-d8{align-self:center;}.kt-inner-column-height-full:not(.kt-has-1-columns) > .wp-block-kadence-column.kadence-column2643_8fe34c-d8{align-self:auto;}.kt-inner-column-height-full:not(.kt-has-1-columns) > .wp-block-kadence-column.kadence-column2643_8fe34c-d8 > .kt-inside-inner-col{flex-direction:column;justify-content:center;}.kadence-column2643_8fe34c-d8 > .kt-inside-inner-col{flex-direction:column;justify-content:center;}}<\/style>\n<div class=\"wp-block-kadence-column kadence-column2643_8fe34c-d8 kb-section-dir-vertical inner-column-1\"><div class=\"kt-inside-inner-col\"><style>.wp-block-kadence-advancedheading.kt-adv-heading2643_0d911d-80, .wp-block-kadence-advancedheading.kt-adv-heading2643_0d911d-80[data-kb-block=\"kb-adv-heading2643_0d911d-80\"]{font-size:var(--global-kb-font-size-lg, 2rem);line-height:1.2;font-style:normal;}.wp-block-kadence-advancedheading.kt-adv-heading2643_0d911d-80 mark.kt-highlight, .wp-block-kadence-advancedheading.kt-adv-heading2643_0d911d-80[data-kb-block=\"kb-adv-heading2643_0d911d-80\"] mark.kt-highlight{font-style:normal;color:#f76a0c;-webkit-box-decoration-break:clone;box-decoration-break:clone;padding-top:0px;padding-right:0px;padding-bottom:0px;padding-left:0px;}.wp-block-kadence-advancedheading.kt-adv-heading2643_0d911d-80 img.kb-inline-image, .wp-block-kadence-advancedheading.kt-adv-heading2643_0d911d-80[data-kb-block=\"kb-adv-heading2643_0d911d-80\"] img.kb-inline-image{width:150px;vertical-align:baseline;}<\/style>\n<h3 class=\"kt-adv-heading2643_0d911d-80 wp-block-kadence-advancedheading has-theme-palette-9-color has-text-color\" data-kb-block=\"kb-adv-heading2643_0d911d-80\">\u201cSi ense\u00f1amos solo de un modo, evaluamos de un modo y premiamos una \u00fanica inteligencia\u2026 estaremos apagando estrellas.\u201d<\/h3>\n\n\n<style>.wp-block-kadence-advancedheading.kt-adv-heading2643_fb2007-5c, .wp-block-kadence-advancedheading.kt-adv-heading2643_fb2007-5c[data-kb-block=\"kb-adv-heading2643_fb2007-5c\"]{margin-bottom:var(--global-kb-spacing-sm, 1.5rem);line-height:1.4;font-style:normal;}.wp-block-kadence-advancedheading.kt-adv-heading2643_fb2007-5c mark.kt-highlight, .wp-block-kadence-advancedheading.kt-adv-heading2643_fb2007-5c[data-kb-block=\"kb-adv-heading2643_fb2007-5c\"] mark.kt-highlight{font-style:normal;color:#f76a0c;-webkit-box-decoration-break:clone;box-decoration-break:clone;padding-top:0px;padding-right:0px;padding-bottom:0px;padding-left:0px;}.wp-block-kadence-advancedheading.kt-adv-heading2643_fb2007-5c img.kb-inline-image, .wp-block-kadence-advancedheading.kt-adv-heading2643_fb2007-5c[data-kb-block=\"kb-adv-heading2643_fb2007-5c\"] img.kb-inline-image{width:150px;vertical-align:baseline;}<\/style>\n<p class=\"kt-adv-heading2643_fb2007-5c wp-block-kadence-advancedheading has-theme-palette-9-color has-text-color\" data-kb-block=\"kb-adv-heading2643_fb2007-5c\">La educaci\u00f3n tiene que cambiar. Y creo que ese cambio es tan necesario como inevitable. Es necesario romper esquemas y creencias tradicionales sobre los ni\u00f1os, pero tambi\u00e9n sobre la educaci\u00f3n en s\u00ed misma. Si queremos mejorar nuestra sociedad, necesitamos personas m\u00e1s completas y felices, y eso es algo que solo conseguiremos si cambiamos la educaci\u00f3n.<br><br>Hay que dejar de tratar a los ni\u00f1os como si todos fueran iguales, cuando en realidad todos son diferentes. Cada uno posee un talento que lo hace \u00fanico, y si ense\u00f1amos solo de un modo, evaluamos de un modo y premiamos una \u00fanica inteligencia&#8230; estaremos apagando estrellas.<br><br>Es tiempo de hacer una educaci\u00f3n diferente, dirigida a activar en los ni\u00f1os la confianza en s\u00ed mismos y la voluntad de respetar el derecho a ser diferente; una educaci\u00f3n divertida, amorosa y alegre, que despierte en ellos las ganas de aprender, de tomar la iniciativa, de superarse y so\u00f1ar en grande.<br><\/p>\n\n\n<style>.kb-image2643_dff04d-0b .kb-image-has-overlay:after{opacity:0.3;}<\/style>\n<figure class=\"wp-block-kadence-image kb-image2643_dff04d-0b size-large image-is-svg\"><img decoding=\"async\" width=\"397\" height=\"115\" src=\"https:\/\/escuelaburbuja.com\/wp-content\/uploads\/2025\/11\/Firma-Ale.svg\" alt=\"\" class=\"kb-img wp-image-2964\"\/><\/figure>\n<\/div><\/div>\n\n\n<style>.kadence-column2643_6435bd-6b > .kt-inside-inner-col{display:flex;}.kadence-column2643_6435bd-6b > .kt-inside-inner-col,.kadence-column2643_6435bd-6b > .kt-inside-inner-col:before{border-top-left-radius:0px;border-top-right-radius:0px;border-bottom-right-radius:0px;border-bottom-left-radius:0px;}.kadence-column2643_6435bd-6b > .kt-inside-inner-col{column-gap:0px;}.kadence-column2643_6435bd-6b > .kt-inside-inner-col{flex-direction:column;justify-content:flex-end;}.kadence-column2643_6435bd-6b > .kt-inside-inner-col > .aligncenter{width:100%;}.kt-row-column-wrap > .kadence-column2643_6435bd-6b{align-self:flex-end;}.kt-inner-column-height-full:not(.kt-has-1-columns) > .wp-block-kadence-column.kadence-column2643_6435bd-6b{align-self:auto;}.kt-inner-column-height-full:not(.kt-has-1-columns) > .wp-block-kadence-column.kadence-column2643_6435bd-6b > .kt-inside-inner-col{flex-direction:column;justify-content:flex-end;}.kadence-column2643_6435bd-6b > .kt-inside-inner-col:before{opacity:0.3;}.kadence-column2643_6435bd-6b{text-align:left;}.kadence-column2643_6435bd-6b{position:relative;}.kadence-column2643_6435bd-6b, .kt-inside-inner-col > .kadence-column2643_6435bd-6b:not(.specificity){margin-right:0px;margin-left:0px;}@media all and (max-width: 1024px){.kt-row-column-wrap > .kadence-column2643_6435bd-6b{align-self:flex-end;}}@media all and (max-width: 1024px){.kt-inner-column-height-full:not(.kt-has-1-columns) > .wp-block-kadence-column.kadence-column2643_6435bd-6b{align-self:auto;}}@media all and (max-width: 1024px){.kt-inner-column-height-full:not(.kt-has-1-columns) > .wp-block-kadence-column.kadence-column2643_6435bd-6b > .kt-inside-inner-col{flex-direction:column;justify-content:flex-end;}}@media all and (max-width: 1024px){.kadence-column2643_6435bd-6b > .kt-inside-inner-col{flex-direction:column;justify-content:flex-end;}}@media all and (max-width: 767px){.kt-row-column-wrap > .kadence-column2643_6435bd-6b{align-self:flex-end;}.kt-inner-column-height-full:not(.kt-has-1-columns) > .wp-block-kadence-column.kadence-column2643_6435bd-6b{align-self:auto;}.kt-inner-column-height-full:not(.kt-has-1-columns) > .wp-block-kadence-column.kadence-column2643_6435bd-6b > .kt-inside-inner-col{flex-direction:column;justify-content:flex-end;}.kadence-column2643_6435bd-6b > .kt-inside-inner-col{flex-direction:column;justify-content:flex-end;}}<\/style>\n<div class=\"wp-block-kadence-column kadence-column2643_6435bd-6b kb-section-dir-vertical inner-column-2\"><div class=\"kt-inside-inner-col\"><style>.kb-image2643_b504cd-9e:not(.kb-image-is-ratio-size) .kb-img, .kb-image2643_b504cd-9e.kb-image-is-ratio-size{padding-top:0px;}.kb-image2643_b504cd-9e .kb-image-has-overlay:after{opacity:0.3;border-top-left-radius:20px;border-top-right-radius:20px;border-bottom-right-radius:20px;border-bottom-left-radius:20px;}.kb-image2643_b504cd-9e img.kb-img, .kb-image2643_b504cd-9e .kb-img img{border-top-left-radius:20px;border-top-right-radius:20px;border-bottom-right-radius:20px;border-bottom-left-radius:20px;object-position:52% 28.000000000000004%;}<\/style>\n<figure class=\"wp-block-kadence-image kb-image2643_b504cd-9e kb-image-is-ratio-size\"><div class=\"kb-is-ratio-image kb-image-ratio-port34\"><img data-recalc-dims=\"1\" fetchpriority=\"high\" decoding=\"async\" width=\"1080\" height=\"1619\" src=\"https:\/\/i0.wp.com\/escuelaburbuja.com\/wp-content\/uploads\/2025\/11\/ALEJANDRA-AVILA_49.jpeg?resize=1080%2C1619&#038;ssl=1\" alt=\"Directora de Escuela Burbuja. Educaci\u00f3n diferente\" class=\"kb-img wp-image-2960\" srcset=\"https:\/\/i0.wp.com\/escuelaburbuja.com\/wp-content\/uploads\/2025\/11\/ALEJANDRA-AVILA_49.jpeg?w=1080&amp;ssl=1 1080w, https:\/\/i0.wp.com\/escuelaburbuja.com\/wp-content\/uploads\/2025\/11\/ALEJANDRA-AVILA_49.jpeg?resize=200%2C300&amp;ssl=1 200w, https:\/\/i0.wp.com\/escuelaburbuja.com\/wp-content\/uploads\/2025\/11\/ALEJANDRA-AVILA_49.jpeg?resize=683%2C1024&amp;ssl=1 683w, https:\/\/i0.wp.com\/escuelaburbuja.com\/wp-content\/uploads\/2025\/11\/ALEJANDRA-AVILA_49.jpeg?resize=768%2C1151&amp;ssl=1 768w, https:\/\/i0.wp.com\/escuelaburbuja.com\/wp-content\/uploads\/2025\/11\/ALEJANDRA-AVILA_49.jpeg?resize=1025%2C1536&amp;ssl=1 1025w\" sizes=\"(max-width: 1080px) 100vw, 1080px\" \/><\/div><\/figure>\n\n\n<style>.wp-block-kadence-advancedheading.kt-adv-heading2643_44b779-98, .wp-block-kadence-advancedheading.kt-adv-heading2643_44b779-98[data-kb-block=\"kb-adv-heading2643_44b779-98\"]{font-size:var(--global-kb-font-size-sm, 0.9rem);font-style:normal;}.wp-block-kadence-advancedheading.kt-adv-heading2643_44b779-98 mark.kt-highlight, .wp-block-kadence-advancedheading.kt-adv-heading2643_44b779-98[data-kb-block=\"kb-adv-heading2643_44b779-98\"] mark.kt-highlight{font-style:normal;color:#f76a0c;-webkit-box-decoration-break:clone;box-decoration-break:clone;padding-top:0px;padding-right:0px;padding-bottom:0px;padding-left:0px;}.wp-block-kadence-advancedheading.kt-adv-heading2643_44b779-98 img.kb-inline-image, .wp-block-kadence-advancedheading.kt-adv-heading2643_44b779-98[data-kb-block=\"kb-adv-heading2643_44b779-98\"] img.kb-inline-image{width:150px;vertical-align:baseline;}<\/style>\n<p class=\"kt-adv-heading2643_44b779-98 wp-block-kadence-advancedheading has-theme-palette-9-color has-text-color\" data-kb-block=\"kb-adv-heading2643_44b779-98\">Directora de Escuela Burbuja<\/p>\n<\/div><\/div>\n\n<\/div><\/div>\n\n\n<p><\/p>\n","protected":false},"excerpt":{"rendered":"<p>\u201cSi ense\u00f1amos solo de un modo, evaluamos de un modo y premiamos una \u00fanica inteligencia\u2026 estaremos apagando estrellas.\u201d La educaci\u00f3n tiene que cambiar. Y creo que ese cambio es tan&#8230;<\/p>\n","protected":false},"author":1,"featured_media":0,"parent":0,"menu_order":0,"comment_status":"closed","ping_status":"closed","template":"","meta":{"inline_featured_image":false,"_kadence_starter_templates_imported_post":false,"_kad_post_transparent":"default","_kad_post_title":"hide","_kad_post_layout":"fullwidth","_kad_post_sidebar_id":"","_kad_post_content_style":"unboxed","_kad_post_vertical_padding":"hide","_kad_post_feature":"","_kad_post_feature_position":"","_kad_post_header":false,"_kad_post_footer":false,"footnotes":""},"class_list":["post-2643","page","type-page","status-publish","hentry"],"jetpack-related-posts":[{"id":2627,"url":"https:\/\/escuelaburbuja.com\/?page_id=2627","url_meta":{"origin":2643,"position":0},"title":"Que nos hace diferentes","author":"burbujaanzures@gmail.com","date":"octubre 28, 2025","format":false,"excerpt":"proceso de adaptaci\u00f3n escolar respetuoso Creemos que la escuela debe ser un espacio donde los ni\u00f1os y sus familias se sientan escuchados, acompa\u00f1ados y valorados. Por eso, hemos dise\u00f1ado un modelo que no solo piensa en lo acad\u00e9mico, sino en el bienestar integral de cada ni\u00f1o y en la confianza\u2026","rel":"","context":"Entrada similar ","block_context":{"text":"Entrada similar ","link":""},"img":{"alt_text":"Proceso de adaptacion escolar respetuoso","src":"https:\/\/i0.wp.com\/escuelaburbuja.com\/wp-content\/uploads\/2026\/01\/aeeee4d1-129c-454b-86f4-af8105209b04.jpg?resize=350%2C200&ssl=1","width":350,"height":200,"srcset":"https:\/\/i0.wp.com\/escuelaburbuja.com\/wp-content\/uploads\/2026\/01\/aeeee4d1-129c-454b-86f4-af8105209b04.jpg?resize=350%2C200&ssl=1 1x, https:\/\/i0.wp.com\/escuelaburbuja.com\/wp-content\/uploads\/2026\/01\/aeeee4d1-129c-454b-86f4-af8105209b04.jpg?resize=525%2C300&ssl=1 1.5x, https:\/\/i0.wp.com\/escuelaburbuja.com\/wp-content\/uploads\/2026\/01\/aeeee4d1-129c-454b-86f4-af8105209b04.jpg?resize=700%2C400&ssl=1 2x, https:\/\/i0.wp.com\/escuelaburbuja.com\/wp-content\/uploads\/2026\/01\/aeeee4d1-129c-454b-86f4-af8105209b04.jpg?resize=1050%2C600&ssl=1 3x"},"classes":[]},{"id":2647,"url":"https:\/\/escuelaburbuja.com\/?page_id=2647","url_meta":{"origin":2643,"position":1},"title":"Equipo","author":"burbujaanzures@gmail.com","date":"octubre 29, 2025","format":false,"excerpt":"Gu\u00edas que construyen v\u00ednculos y confianza En Burbuja, contamos con un equipo formativo especializado en distintas \u00e1reas del desarrollo infantil y la educaci\u00f3n. Acompa\u00f1amos a cada ni\u00f1o desde el respeto, y caminamos junto a las familias, gui\u00e1ndolas y apoy\u00e1ndolas en la maravillosa \u2014y a veces desafiante\u2014 tarea de educar. Nuestras\u2026","rel":"","context":"Entrada similar ","block_context":{"text":"Entrada similar ","link":""},"img":{"alt_text":"Gu\u00eda pedagoga de Burbuja","src":"https:\/\/i0.wp.com\/escuelaburbuja.com\/wp-content\/uploads\/2025\/12\/Danie.webp?resize=350%2C200&ssl=1","width":350,"height":200,"srcset":"https:\/\/i0.wp.com\/escuelaburbuja.com\/wp-content\/uploads\/2025\/12\/Danie.webp?resize=350%2C200&ssl=1 1x, https:\/\/i0.wp.com\/escuelaburbuja.com\/wp-content\/uploads\/2025\/12\/Danie.webp?resize=525%2C300&ssl=1 1.5x, https:\/\/i0.wp.com\/escuelaburbuja.com\/wp-content\/uploads\/2025\/12\/Danie.webp?resize=700%2C400&ssl=1 2x, https:\/\/i0.wp.com\/escuelaburbuja.com\/wp-content\/uploads\/2025\/12\/Danie.webp?resize=1050%2C600&ssl=1 3x"},"classes":[]},{"id":2629,"url":"https:\/\/escuelaburbuja.com\/?page_id=2629","url_meta":{"origin":2643,"position":2},"title":"FAQ","author":"burbujaanzures@gmail.com","date":"octubre 28, 2025","format":false,"excerpt":"Preguntas frecuentes En esta secci\u00f3n podr\u00e1s encontrar las preguntas m\u00e1s frecuentes que nos hacen las familias interesadas en ser parte de Burbuja y nuestro modelo pedag\u00f3gico. Me preocupa que mi hijo no tenga un documento oficial de la SEP que avale su paso por el preescolar. \u00bfEs un requisito para\u2026","rel":"","context":"Entrada similar ","block_context":{"text":"Entrada similar ","link":""},"img":{"alt_text":"","src":"","width":0,"height":0},"classes":[]}],"jetpack_sharing_enabled":true,"_links":{"self":[{"href":"https:\/\/escuelaburbuja.com\/index.php?rest_route=\/wp\/v2\/pages\/2643","targetHints":{"allow":["GET"]}}],"collection":[{"href":"https:\/\/escuelaburbuja.com\/index.php?rest_route=\/wp\/v2\/pages"}],"about":[{"href":"https:\/\/escuelaburbuja.com\/index.php?rest_route=\/wp\/v2\/types\/page"}],"author":[{"embeddable":true,"href":"https:\/\/escuelaburbuja.com\/index.php?rest_route=\/wp\/v2\/users\/1"}],"replies":[{"embeddable":true,"href":"https:\/\/escuelaburbuja.com\/index.php?rest_route=%2Fwp%2Fv2%2Fcomments&post=2643"}],"version-history":[{"count":18,"href":"https:\/\/escuelaburbuja.com\/index.php?rest_route=\/wp\/v2\/pages\/2643\/revisions"}],"predecessor-version":[{"id":3544,"href":"https:\/\/escuelaburbuja.com\/index.php?rest_route=\/wp\/v2\/pages\/2643\/revisions\/3544"}],"wp:attachment":[{"href":"https:\/\/escuelaburbuja.com\/index.php?rest_route=%2Fwp%2Fv2%2Fmedia&parent=2643"}],"curies":[{"name":"wp","href":"https:\/\/api.w.org\/{rel}","templated":true}]}}